{"id":4303,"date":"2019-09-04T13:30:01","date_gmt":"2019-09-04T06:30:01","guid":{"rendered":"https:\/\/td.nicolebridal.vn\/ao-cuoi\/ch\u01b0a%20ph\u00e2n%20lo\u1ea1i\/dove\/"},"modified":"2026-01-27T23:18:12","modified_gmt":"2026-01-27T16:18:12","slug":"dove","status":"publish","type":"product","link":"https:\/\/nicolebridal.vn\/en\/shop\/sunshine-collection\/dove\/","title":{"rendered":"A-line Wedding Dress DOVE (19PA510)"},"content":{"rendered":"<table dir=\"ltr\" style=\"width: 98.8645%;\" border=\"1\" cellspacing=\"0\" cellpadding=\"0\">\n<tbody>\n<tr>\n<td style=\"width: 35.0453%;\" data-sheets-value=\"{&quot;1&quot;:2,&quot;2&quot;:&quot;M\u00c0U S\u1eaeC&quot;}\"><span style=\"color: #000000;\">COLOR<\/span><\/td>\n<td style=\"width: 179.22%;\" data-sheets-value=\"{&quot;1&quot;:2,&quot;2&quot;:&quot;TR\u1eaeNG&quot;}\"><span style=\"color: #000000;\">OFF-WHITE<\/span><\/td>\n<\/tr>\n<tr>\n<td style=\"width: 35.0453%;\" data-sheets-value=\"{&quot;1&quot;:2,&quot;2&quot;:&quot;PHOM V\u00c1Y&quot;}\"><span style=\"color: #000000;\">DRESS FORM<\/span><\/td>\n<td style=\"width: 179.22%;\" data-sheets-value=\"{&quot;1&quot;:2,&quot;2&quot;:&quot;V\u00c1Y CH\u1eee A&quot;}\"><span style=\"color: #000000;\">A-LINE<\/span><\/td>\n<\/tr>\n<tr>\n<td style=\"width: 35.0453%;\" data-sheets-value=\"{&quot;1&quot;:2,&quot;2&quot;:&quot;SIZE&quot;}\"><span style=\"color: #000000;\">SIZE<\/span><\/td>\n<td style=\"width: 179.22%;\" data-sheets-value=\"{&quot;1&quot;:2,&quot;2&quot;:&quot;M&quot;}\"><span style=\"color: #000000;\">M \u2013 38<\/span><\/td>\n<\/tr>\n<tr>\n<td style=\"width: 35.0453%;\" data-sheets-value=\"{&quot;1&quot;:2,&quot;2&quot;:&quot;CH\u1ea4T LI\u1ec6U&quot;}\"><span style=\"color: #000000;\">MARERIAL<\/span><\/td>\n<td style=\"width: 179.22%;\" data-sheets-value=\"{&quot;1&quot;:2,&quot;2&quot;:&quot;L\u01af\u1edaI REN&quot;}\"><span style=\"color: #000000;\">LACE, SATIN<\/span><\/td>\n<\/tr>\n<tr>\n<td style=\"width: 35.0453%;\" data-sheets-value=\"{&quot;1&quot;:2,&quot;2&quot;:&quot;KI\u1ec2U C\u1ed4&quot;}\"><span style=\"color: #000000;\">NECK STYLE<\/span><\/td>\n<td style=\"width: 179.22%;\" data-sheets-value=\"{&quot;1&quot;:2,&quot;2&quot;:&quot;C\u00daP NGANG&quot;}\"><span style=\"color: #000000;\">V NECK<\/span><\/td>\n<\/tr>\n<tr>\n<td style=\"width: 35.0453%;\" data-sheets-value=\"{&quot;1&quot;:2,&quot;2&quot;:&quot;KI\u1ec2U TAY&quot;}\"><span style=\"color: #000000;\">SLEEVE STYLE<\/span><\/td>\n<td style=\"width: 179.22%;\" data-sheets-value=\"{&quot;1&quot;:2,&quot;2&quot;:&quot;VAI NGANG&quot;}\"><span style=\"color: #000000;\">FAIRY SLEEVES<\/span><\/td>\n<\/tr>\n<tr>\n<td style=\"width: 35.0453%;\" data-sheets-value=\"{&quot;1&quot;:2,&quot;2&quot;:&quot;KI\u1ec2U L\u01afNG&quot;}\"><span style=\"color: #000000;\">BACK STYLE<\/span><\/td>\n<td style=\"width: 179.22%;\" data-sheets-value=\"{&quot;1&quot;:2,&quot;2&quot;:&quot;D\u00c2Y K\u00c9O&quot;}\"><span style=\"color: #000000;\">ZIPPER<\/span><\/td>\n<\/tr>\n<tr>\n<td style=\"width: 35.0453%;\" data-sheets-value=\"{&quot;1&quot;:2,&quot;2&quot;:&quot;D\u00c0I \u0110U\u00d4I&quot;}\"><span style=\"color: #000000;\">TRAIN<\/span><\/td>\n<td style=\"width: 179.22%;\" data-sheets-value=\"{&quot;1&quot;:2,&quot;2&quot;:&quot;1m&quot;}\"><span style=\"color: #000000;\">0.5M<\/span><\/td>\n<\/tr>\n<tr>\n<td style=\"width: 35.0453%;\" data-sheets-value=\"{&quot;1&quot;:2,&quot;2&quot;:&quot;PH\u00d9 H\u1ee2P V\u1edaI&quot;}\"><span style=\"color: #000000;\">USED FOR<\/span><\/td>\n<td style=\"width: 179.22%;\" data-sheets-value=\"{&quot;1&quot;:2,&quot;2&quot;:&quot;L\u00c0M L\u1ec4\/\u0110I B\u00c0N&quot;}\"><span style=\"color: #000000;\">PREWEDDING\/CEREMONY<\/span><\/td>\n<\/tr>\n<\/tbody>\n<\/table>\n<p>&nbsp;<\/p>\n<ul>\n<li><span style=\"color: #000000;\"><strong>NOTE (Renting a wedding dress):<\/strong><\/span>\n<ul>\n<li><span style=\"color: #000000;\">Customers can request to modify their body measurements when renting dresses and tailoring<\/span><\/li>\n<li><span style=\"color: #000000;\">The RENTING time to keep the costume is 5 days.<\/span><\/li>\n<li><span style=\"color: #000000;\">Please refer to the information on tailoring and wedding dress rental above<\/span><\/li>\n<\/ul>\n<\/li>\n<li><span style=\"color: #000000;\"><strong>NOTE (Tailoring wedding dresses):<\/strong><\/span>\n<ul>\n<li><span style=\"color: #000000;\">Tailoring time ranges from 3-6 weeks<\/span><\/li>\n<li><span style=\"color: #000000;\">Domestic \/ national shipping (if any) and other related costs are not inclusive.<\/span><\/li>\n<li><span style=\"color: #000000;\">Guests can change the color and add details of the wedding dress they want<\/span><\/li>\n<li><span style=\"color: #000000;\">Tailor price for wedding dress applies to size S 36 \u2013 M 38- L 40, in case of sewing larger size, surcharge 10% of the value of tailor dress.<\/span><\/li>\n<\/ul>\n<\/li>\n<\/ul>\n<p><span style=\"color: #000000;\">For any questions about wedding dress rental \/ tailoring, please contact via email: nicole.weddingbridal@gmail.com<\/span><\/p>\n","protected":false},"excerpt":{"rendered":"<p>Simple yet delicate Dove with an ingenious combination of materials that bring sparkling effects and on the skirt to fit the shape of Vietnamese mulberry. The interior is turned on with the detail of the fairy wings that cleverly covers the shortcomings but shows off the white and pink skin behind the sparkling chiffon layer.<\/p>\n","protected":false},"featured_media":4223,"template":"","meta":[],"product_brand":[],"product_cat":[593],"product_tag":[1416],"class_list":{"0":"post-4303","1":"product","2":"type-product","3":"status-publish","4":"has-post-thumbnail","6":"product_cat-sunshine-collection","7":"product_tag-premium-wedding-dress","9":"first","10":"instock","11":"shipping-taxable","12":"purchasable","13":"product-type-simple"},"_links":{"self":[{"href":"https:\/\/nicolebridal.vn\/en\/wp-json\/wp\/v2\/product\/4303","targetHints":{"allow":["GET"]}}],"collection":[{"href":"https:\/\/nicolebridal.vn\/en\/wp-json\/wp\/v2\/product"}],"about":[{"href":"https:\/\/nicolebridal.vn\/en\/wp-json\/wp\/v2\/types\/product"}],"wp:featuredmedia":[{"embeddable":true,"href":"https:\/\/nicolebridal.vn\/en\/wp-json\/wp\/v2\/media\/4223"}],"wp:attachment":[{"href":"https:\/\/nicolebridal.vn\/en\/wp-json\/wp\/v2\/media?parent=4303"}],"wp:term":[{"taxonomy":"product_brand","embeddable":true,"href":"https:\/\/nicolebridal.vn\/en\/wp-json\/wp\/v2\/product_brand?post=4303"},{"taxonomy":"product_cat","embeddable":true,"href":"https:\/\/nicolebridal.vn\/en\/wp-json\/wp\/v2\/product_cat?post=4303"},{"taxonomy":"product_tag","embeddable":true,"href":"https:\/\/nicolebridal.vn\/en\/wp-json\/wp\/v2\/product_tag?post=4303"}],"curies":[{"name":"wp","href":"https:\/\/api.w.org\/{rel}","templated":true}]}}