{"id":4948,"date":"2020-02-07T23:37:08","date_gmt":"2020-02-07T16:37:08","guid":{"rendered":"https:\/\/td.nicolebridal.vn\/ao-cuoi\/ch\u01b0a%20ph\u00e2n%20lo\u1ea1i\/alida\/"},"modified":"2023-03-29T22:35:43","modified_gmt":"2023-03-29T15:35:43","slug":"alida","status":"publish","type":"product","link":"https:\/\/nicolebridal.vn\/en\/shop\/back-to-floral-2020\/alida\/","title":{"rendered":"Princess Wedding Dress Alida (20LP103)"},"content":{"rendered":"<table dir=\"ltr\" style=\"width: 98.0125%;\" border=\"1\" cellspacing=\"0\" cellpadding=\"0\">\n<tbody>\n<tr>\n<td style=\"width: 43.0189%;\" data-sheets-value=\"{&quot;1&quot;:2,&quot;2&quot;:&quot;M\u00c0U S\u1eaeC&quot;}\"><span style=\"color: #000000;\">COLOR<\/span><\/td>\n<td style=\"width: 208.901%;\" data-sheets-value=\"{&quot;1&quot;:2,&quot;2&quot;:&quot;TR\u1eaeNG&quot;}\"><span style=\"color: #000000;\">OFF-WHITE<\/span><\/td>\n<\/tr>\n<tr>\n<td style=\"width: 43.0189%;\" data-sheets-value=\"{&quot;1&quot;:2,&quot;2&quot;:&quot;PHOM V\u00c1Y&quot;}\"><span style=\"color: #000000;\">DRESS FORM<\/span><\/td>\n<td style=\"width: 208.901%;\" data-sheets-value=\"{&quot;1&quot;:2,&quot;2&quot;:&quot;V\u00c1Y CH\u1eee A&quot;}\"><span style=\"color: #000000;\">PRINCESS<\/span><\/td>\n<\/tr>\n<tr>\n<td style=\"width: 43.0189%;\" data-sheets-value=\"{&quot;1&quot;:2,&quot;2&quot;:&quot;SIZE&quot;}\"><span style=\"color: #000000;\">SIZE<\/span><\/td>\n<td style=\"width: 208.901%;\" data-sheets-value=\"{&quot;1&quot;:2,&quot;2&quot;:&quot;M&quot;}\"><span style=\"color: #000000;\">M \u2013 38<\/span><\/td>\n<\/tr>\n<tr>\n<td style=\"width: 43.0189%;\" data-sheets-value=\"{&quot;1&quot;:2,&quot;2&quot;:&quot;CH\u1ea4T LI\u1ec6U&quot;}\"><span style=\"color: #000000;\">MARERIAL<\/span><\/td>\n<td style=\"width: 208.901%;\" data-sheets-value=\"{&quot;1&quot;:2,&quot;2&quot;:&quot;L\u01af\u1edaI REN&quot;}\"><span style=\"color: #000000;\">LACE, STIFF TULLE<\/span><\/td>\n<\/tr>\n<tr>\n<td style=\"width: 43.0189%;\" data-sheets-value=\"{&quot;1&quot;:2,&quot;2&quot;:&quot;KI\u1ec2U C\u1ed4&quot;}\"><span style=\"color: #000000;\">NECK STYLE<\/span><\/td>\n<td style=\"width: 208.901%;\" data-sheets-value=\"{&quot;1&quot;:2,&quot;2&quot;:&quot;C\u00daP NGANG&quot;}\"><span style=\"color: #000000;\">V NECK<\/span><\/td>\n<\/tr>\n<tr>\n<td style=\"width: 43.0189%;\" data-sheets-value=\"{&quot;1&quot;:2,&quot;2&quot;:&quot;KI\u1ec2U TAY&quot;}\"><span style=\"color: #000000;\">SLEEVE STYLE<\/span><\/td>\n<td style=\"width: 208.901%;\" data-sheets-value=\"{&quot;1&quot;:2,&quot;2&quot;:&quot;VAI NGANG&quot;}\"><span style=\"color: #000000;\">MIDDLE SLEEVES<\/span><\/td>\n<\/tr>\n<tr>\n<td style=\"width: 43.0189%;\" data-sheets-value=\"{&quot;1&quot;:2,&quot;2&quot;:&quot;KI\u1ec2U L\u01afNG&quot;}\"><span style=\"color: #000000;\">BACK STYLE<\/span><\/td>\n<td style=\"width: 208.901%;\" data-sheets-value=\"{&quot;1&quot;:2,&quot;2&quot;:&quot;D\u00c2Y K\u00c9O&quot;}\"><span style=\"color: #000000;\">CORSET<\/span><\/td>\n<\/tr>\n<tr>\n<td style=\"width: 43.0189%;\" data-sheets-value=\"{&quot;1&quot;:2,&quot;2&quot;:&quot;D\u00c0I \u0110U\u00d4I&quot;}\"><span style=\"color: #000000;\">TRAIN<\/span><\/td>\n<td style=\"width: 208.901%;\" data-sheets-value=\"{&quot;1&quot;:2,&quot;2&quot;:&quot;1m&quot;}\"><span style=\"color: #000000;\">1M<\/span><\/td>\n<\/tr>\n<tr>\n<td style=\"width: 43.0189%;\" data-sheets-value=\"{&quot;1&quot;:2,&quot;2&quot;:&quot;PH\u00d9 H\u1ee2P V\u1edaI&quot;}\"><span style=\"color: #000000;\">USED FOR<\/span><\/td>\n<td style=\"width: 208.901%;\" data-sheets-value=\"{&quot;1&quot;:2,&quot;2&quot;:&quot;L\u00c0M L\u1ec4\/\u0110I B\u00c0N&quot;}\"><span style=\"color: #000000;\">CEREMONY<\/span><\/td>\n<\/tr>\n<\/tbody>\n<\/table>\n<p>&nbsp;<\/p>\n<ul>\n<li><span style=\"color: #000000;\"><strong>NOTE (Renting a wedding dress):<\/strong><\/span>\n<ul>\n<li><span style=\"color: #000000;\">Customers can request to modify their body measurements when renting dresses and tailoring<\/span><\/li>\n<li><span style=\"color: #000000;\">The RENTING time to keep the costume is 5 days.<\/span><\/li>\n<li><span style=\"color: #000000;\">Please refer to the information on tailoring and wedding dress rental above<\/span><\/li>\n<\/ul>\n<\/li>\n<li><span style=\"color: #000000;\"><strong>NOTE (Tailoring wedding dresses):<\/strong><\/span>\n<ul>\n<li><span style=\"color: #000000;\">Tailoring time ranges from 3-6 weeks<\/span><\/li>\n<li><span style=\"color: #000000;\">Domestic \/ national shipping (if any) and other related costs are not inclusive.<\/span><\/li>\n<li><span style=\"color: #000000;\">Guests can change the color and add details of the wedding dress they want<\/span><\/li>\n<li><span style=\"color: #000000;\">Tailor price for wedding dress applies to size S 36 \u2013 M 38- L 40, in case of sewing larger size, surcharge 10% of the value of tailor dress.<\/span><\/li>\n<\/ul>\n<\/li>\n<\/ul>\n<p><span style=\"color: #000000;\">For any questions about wedding dress rental \/ tailoring, please contact via email: nicole.weddingbridal@gmail.com<\/span><\/p>\n<p>&nbsp;<\/p>\n","protected":false},"excerpt":{"rendered":"<p>COLOR OFF-WHITE DRESS FORM PRINCESS SIZE M \u2013 38 MARERIAL LACE, STIFF TULLE NECK STYLE V NECK SLEEVE STYLE MIDDLE SLEEVES BACK STYLE CORSET TRAIN 1M USED FOR CEREMONY &nbsp; NOTE (Renting a wedding dress): Customers can request to modify their body measurements when renting dresses and tailoring The RENTING time to keep the costume [&hellip;]<\/p>\n","protected":false},"featured_media":4861,"template":"","meta":[],"product_brand":[],"product_cat":[736],"product_tag":[1418],"class_list":{"0":"post-4948","1":"product","2":"type-product","3":"status-publish","4":"has-post-thumbnail","6":"product_cat-back-to-floral-2020","7":"product_tag-luxury-wedding-dress","8":"pa_chi-tiet-boat-neck","9":"pa_chi-tiet-medium-sleeves","10":"pa_kieu-dang-ao-cuoi-princess-wedding-dress","11":"pa_mau-sac-white","13":"first","14":"instock","15":"shipping-taxable","16":"purchasable","17":"product-type-simple"},"_links":{"self":[{"href":"https:\/\/nicolebridal.vn\/en\/wp-json\/wp\/v2\/product\/4948","targetHints":{"allow":["GET"]}}],"collection":[{"href":"https:\/\/nicolebridal.vn\/en\/wp-json\/wp\/v2\/product"}],"about":[{"href":"https:\/\/nicolebridal.vn\/en\/wp-json\/wp\/v2\/types\/product"}],"wp:featuredmedia":[{"embeddable":true,"href":"https:\/\/nicolebridal.vn\/en\/wp-json\/wp\/v2\/media\/4861"}],"wp:attachment":[{"href":"https:\/\/nicolebridal.vn\/en\/wp-json\/wp\/v2\/media?parent=4948"}],"wp:term":[{"taxonomy":"product_brand","embeddable":true,"href":"https:\/\/nicolebridal.vn\/en\/wp-json\/wp\/v2\/product_brand?post=4948"},{"taxonomy":"product_cat","embeddable":true,"href":"https:\/\/nicolebridal.vn\/en\/wp-json\/wp\/v2\/product_cat?post=4948"},{"taxonomy":"product_tag","embeddable":true,"href":"https:\/\/nicolebridal.vn\/en\/wp-json\/wp\/v2\/product_tag?post=4948"}],"curies":[{"name":"wp","href":"https:\/\/api.w.org\/{rel}","templated":true}]}}