{"id":5739,"date":"2020-05-24T13:37:17","date_gmt":"2020-05-24T06:37:17","guid":{"rendered":"https:\/\/td.nicolebridal.vn\/ao-cuoi\/ch\u01b0a%20ph\u00e2n%20lo\u1ea1i\/irence\/"},"modified":"2023-03-29T22:29:44","modified_gmt":"2023-03-29T15:29:44","slug":"irence","status":"publish","type":"product","link":"https:\/\/nicolebridal.vn\/en\/shop\/peace-collection\/irence\/","title":{"rendered":"Mermaid Wedding Dress Irence (20PM206)"},"content":{"rendered":"<table dir=\"ltr\" style=\"width: 96.812%;\" border=\"1\" cellspacing=\"0\" cellpadding=\"0\">\n<tbody>\n<tr>\n<td style=\"width: 35.0453%;\" data-sheets-value=\"{&quot;1&quot;:2,&quot;2&quot;:&quot;M\u00c0U S\u1eaeC&quot;}\">COLOR<\/td>\n<td style=\"width: 175.089%;\" data-sheets-value=\"{&quot;1&quot;:2,&quot;2&quot;:&quot;TR\u1eaeNG&quot;}\">OFF-WHITE<\/td>\n<\/tr>\n<tr>\n<td style=\"width: 35.0453%;\" data-sheets-value=\"{&quot;1&quot;:2,&quot;2&quot;:&quot;PHOM V\u00c1Y&quot;}\">DRESS FORM<\/td>\n<td style=\"width: 175.089%;\" data-sheets-value=\"{&quot;1&quot;:2,&quot;2&quot;:&quot;V\u00c1Y CH\u1eee A&quot;}\">MERMAID<\/td>\n<\/tr>\n<tr>\n<td style=\"width: 35.0453%;\" data-sheets-value=\"{&quot;1&quot;:2,&quot;2&quot;:&quot;SIZE&quot;}\">SIZE<\/td>\n<td style=\"width: 175.089%;\" data-sheets-value=\"{&quot;1&quot;:2,&quot;2&quot;:&quot;M&quot;}\">M \u2013 38<\/td>\n<\/tr>\n<tr>\n<td style=\"width: 35.0453%;\" data-sheets-value=\"{&quot;1&quot;:2,&quot;2&quot;:&quot;CH\u1ea4T LI\u1ec6U&quot;}\">MARERIAL<\/td>\n<td style=\"width: 175.089%;\" data-sheets-value=\"{&quot;1&quot;:2,&quot;2&quot;:&quot;L\u01af\u1edaI REN&quot;}\">SATIN, LACE<\/td>\n<\/tr>\n<tr>\n<td style=\"width: 35.0453%;\" data-sheets-value=\"{&quot;1&quot;:2,&quot;2&quot;:&quot;KI\u1ec2U C\u1ed4&quot;}\">NECK STYLE<\/td>\n<td style=\"width: 175.089%;\" data-sheets-value=\"{&quot;1&quot;:2,&quot;2&quot;:&quot;C\u00daP NGANG&quot;}\">V NECK<\/td>\n<\/tr>\n<tr>\n<td style=\"width: 35.0453%;\" data-sheets-value=\"{&quot;1&quot;:2,&quot;2&quot;:&quot;KI\u1ec2U TAY&quot;}\">SLEEVE STYLE<\/td>\n<td style=\"width: 175.089%;\" data-sheets-value=\"{&quot;1&quot;:2,&quot;2&quot;:&quot;VAI NGANG&quot;}\">SLEEVELESS<\/td>\n<\/tr>\n<tr>\n<td style=\"width: 35.0453%;\" data-sheets-value=\"{&quot;1&quot;:2,&quot;2&quot;:&quot;KI\u1ec2U L\u01afNG&quot;}\">BACK STYLE<\/td>\n<td style=\"width: 175.089%;\" data-sheets-value=\"{&quot;1&quot;:2,&quot;2&quot;:&quot;D\u00c2Y K\u00c9O&quot;}\">CORSET<\/td>\n<\/tr>\n<tr>\n<td style=\"width: 35.0453%;\" data-sheets-value=\"{&quot;1&quot;:2,&quot;2&quot;:&quot;D\u00c0I \u0110U\u00d4I&quot;}\">TRAIN<\/td>\n<td style=\"width: 175.089%;\" data-sheets-value=\"{&quot;1&quot;:2,&quot;2&quot;:&quot;1m&quot;}\">0.5M<\/td>\n<\/tr>\n<tr>\n<td style=\"width: 35.0453%;\" data-sheets-value=\"{&quot;1&quot;:2,&quot;2&quot;:&quot;PH\u00d9 H\u1ee2P V\u1edaI&quot;}\">USED FOR<\/td>\n<td style=\"width: 175.089%;\" data-sheets-value=\"{&quot;1&quot;:2,&quot;2&quot;:&quot;L\u00c0M L\u1ec4\/\u0110I B\u00c0N&quot;}\">PREWEDDING\/CEREMONY<\/td>\n<\/tr>\n<\/tbody>\n<\/table>\n<p>&nbsp;<\/p>\n<ul>\n<li><strong>NOTE (Renting a wedding dress):<\/strong>\n<ul>\n<li>Customers can request to modify their body measurements when renting dresses and tailoring<\/li>\n<li>The RENTING time to keep the costume is 5 days.<\/li>\n<li>Please refer to the information on tailoring and wedding dress rental above<\/li>\n<\/ul>\n<\/li>\n<li><strong>NOTE (Tailoring wedding dresses):<\/strong>\n<ul>\n<li>Tailoring time ranges from 3-6 weeks<\/li>\n<li>Domestic \/ national shipping (if any) and other related costs are not inclusive.<\/li>\n<li>Guests can change the color and add details of the wedding dress they want<\/li>\n<li>Tailor price for wedding dress applies to size S 36 \u2013 M 38- L 40, in case of sewing larger size, surcharge 10% of the value of tailor dress.<\/li>\n<\/ul>\n<\/li>\n<\/ul>\n<p>For any questions about wedding dress rental \/ tailoring, please contact via email: nicole.weddingbridal@gmail.com<\/p>\n<p>&nbsp;<\/p>\n","protected":false},"excerpt":{"rendered":"<p>Irence is an impressive mermaid design that cannot be softer, comfortable stretchy materials well embracing the body curves. The highlight is the delicate floral lace lines that make the design look natural but not monotonous.<\/p>\n","protected":false},"featured_media":7112,"template":"","meta":[],"product_brand":[],"product_cat":[795],"product_tag":[1416],"class_list":{"0":"post-5739","1":"product","2":"type-product","3":"status-publish","4":"has-post-thumbnail","6":"product_cat-peace-collection","7":"product_tag-premium-wedding-dress","8":"pa_chi-tiet-side-by-side-en","9":"pa_chi-tiet-v-neck","10":"pa_kieu-dang-ao-cuoi-mermaid-wedding-dress","11":"pa_mau-sac-off-white","13":"first","14":"instock","15":"shipping-taxable","16":"purchasable","17":"product-type-simple"},"_links":{"self":[{"href":"https:\/\/nicolebridal.vn\/en\/wp-json\/wp\/v2\/product\/5739","targetHints":{"allow":["GET"]}}],"collection":[{"href":"https:\/\/nicolebridal.vn\/en\/wp-json\/wp\/v2\/product"}],"about":[{"href":"https:\/\/nicolebridal.vn\/en\/wp-json\/wp\/v2\/types\/product"}],"wp:featuredmedia":[{"embeddable":true,"href":"https:\/\/nicolebridal.vn\/en\/wp-json\/wp\/v2\/media\/7112"}],"wp:attachment":[{"href":"https:\/\/nicolebridal.vn\/en\/wp-json\/wp\/v2\/media?parent=5739"}],"wp:term":[{"taxonomy":"product_brand","embeddable":true,"href":"https:\/\/nicolebridal.vn\/en\/wp-json\/wp\/v2\/product_brand?post=5739"},{"taxonomy":"product_cat","embeddable":true,"href":"https:\/\/nicolebridal.vn\/en\/wp-json\/wp\/v2\/product_cat?post=5739"},{"taxonomy":"product_tag","embeddable":true,"href":"https:\/\/nicolebridal.vn\/en\/wp-json\/wp\/v2\/product_tag?post=5739"}],"curies":[{"name":"wp","href":"https:\/\/api.w.org\/{rel}","templated":true}]}}