{"id":6448,"date":"2020-07-29T23:21:24","date_gmt":"2020-07-29T16:21:24","guid":{"rendered":"https:\/\/td.nicolebridal.vn\/ao-cuoi\/ch\u01b0a%20ph\u00e2n%20lo\u1ea1i\/natalie\/"},"modified":"2025-11-15T00:22:43","modified_gmt":"2025-11-14T17:22:43","slug":"natalie","status":"publish","type":"product","link":"https:\/\/nicolebridal.vn\/en\/shop\/senorita\/natalie\/","title":{"rendered":"Princess Wedding Dress Natalie (20PP307)"},"content":{"rendered":"<table dir=\"ltr\" style=\"width: 96.812%; height: 216px;\" border=\"1\" cellspacing=\"0\" cellpadding=\"0\">\n<tbody>\n<tr style=\"height: 24px;\">\n<td style=\"width: 35.0453%; height: 24px;\" data-sheets-value=\"{&quot;1&quot;:2,&quot;2&quot;:&quot;M\u00c0U S\u1eaeC&quot;}\">COLOR<\/td>\n<td style=\"width: 175.187%; height: 24px;\" data-sheets-value=\"{&quot;1&quot;:2,&quot;2&quot;:&quot;TR\u1eaeNG&quot;}\">OFF-WHITE<\/td>\n<\/tr>\n<tr style=\"height: 24px;\">\n<td style=\"width: 35.0453%; height: 24px;\" data-sheets-value=\"{&quot;1&quot;:2,&quot;2&quot;:&quot;PHOM V\u00c1Y&quot;}\">DRESS FORM<\/td>\n<td style=\"width: 175.187%; height: 24px;\" data-sheets-value=\"{&quot;1&quot;:2,&quot;2&quot;:&quot;V\u00c1Y CH\u1eee A&quot;}\">PRINCESS<\/td>\n<\/tr>\n<tr style=\"height: 24px;\">\n<td style=\"width: 35.0453%; height: 24px;\" data-sheets-value=\"{&quot;1&quot;:2,&quot;2&quot;:&quot;SIZE&quot;}\">SIZE<\/td>\n<td style=\"width: 175.187%; height: 24px;\" data-sheets-value=\"{&quot;1&quot;:2,&quot;2&quot;:&quot;M&quot;}\">M \u2013 38<\/td>\n<\/tr>\n<tr style=\"height: 24px;\">\n<td style=\"width: 35.0453%; height: 24px;\" data-sheets-value=\"{&quot;1&quot;:2,&quot;2&quot;:&quot;CH\u1ea4T LI\u1ec6U&quot;}\">MARERIAL<\/td>\n<td style=\"width: 175.187%; height: 24px;\" data-sheets-value=\"{&quot;1&quot;:2,&quot;2&quot;:&quot;L\u01af\u1edaI REN&quot;}\">SATIN, LACE<\/td>\n<\/tr>\n<tr style=\"height: 24px;\">\n<td style=\"width: 35.0453%; height: 24px;\" data-sheets-value=\"{&quot;1&quot;:2,&quot;2&quot;:&quot;KI\u1ec2U C\u1ed4&quot;}\">NECK STYLE<\/td>\n<td style=\"width: 175.187%; height: 24px;\" data-sheets-value=\"{&quot;1&quot;:2,&quot;2&quot;:&quot;C\u00daP NGANG&quot;}\">HIGH NECK<\/td>\n<\/tr>\n<tr style=\"height: 24px;\">\n<td style=\"width: 35.0453%; height: 24px;\" data-sheets-value=\"{&quot;1&quot;:2,&quot;2&quot;:&quot;KI\u1ec2U TAY&quot;}\">SLEEVE STYLE<\/td>\n<td style=\"width: 175.187%; height: 24px;\" data-sheets-value=\"{&quot;1&quot;:2,&quot;2&quot;:&quot;VAI NGANG&quot;}\">LONG SLEEVES<\/td>\n<\/tr>\n<tr style=\"height: 24px;\">\n<td style=\"width: 35.0453%; height: 24px;\" data-sheets-value=\"{&quot;1&quot;:2,&quot;2&quot;:&quot;KI\u1ec2U L\u01afNG&quot;}\">BACK STYLE<\/td>\n<td style=\"width: 175.187%; height: 24px;\" data-sheets-value=\"{&quot;1&quot;:2,&quot;2&quot;:&quot;D\u00c2Y K\u00c9O&quot;}\">CORSET<\/td>\n<\/tr>\n<tr style=\"height: 24px;\">\n<td style=\"width: 35.0453%; height: 24px;\" data-sheets-value=\"{&quot;1&quot;:2,&quot;2&quot;:&quot;D\u00c0I \u0110U\u00d4I&quot;}\">TRAIN<\/td>\n<td style=\"width: 175.187%; height: 24px;\" data-sheets-value=\"{&quot;1&quot;:2,&quot;2&quot;:&quot;1m&quot;}\">1M<\/td>\n<\/tr>\n<tr style=\"height: 24px;\">\n<td style=\"width: 35.0453%; height: 24px;\" data-sheets-value=\"{&quot;1&quot;:2,&quot;2&quot;:&quot;PH\u00d9 H\u1ee2P V\u1edaI&quot;}\">USED FOR<\/td>\n<td style=\"width: 175.187%; height: 24px;\" data-sheets-value=\"{&quot;1&quot;:2,&quot;2&quot;:&quot;L\u00c0M L\u1ec4\/\u0110I B\u00c0N&quot;}\">PREWEDDING\/CEREMONY<\/td>\n<\/tr>\n<\/tbody>\n<\/table>\n<p>&nbsp;<\/p>\n<ul>\n<li><strong>NOTE (Renting a wedding dress):<\/strong>\n<ul>\n<li>Customers can request to modify their body measurements when renting dresses and tailoring<\/li>\n<li>The RENTING time to keep the costume is 5 days.<\/li>\n<li>Please refer to the information on tailoring and wedding dress rental above<\/li>\n<\/ul>\n<\/li>\n<li><strong>NOTE (Tailoring wedding dresses):<\/strong>\n<ul>\n<li>Tailoring time ranges from 3-6 weeks<\/li>\n<li>Domestic \/ national shipping (if any) and other related costs are not inclusive.<\/li>\n<li>Guests can change the color and add details of the wedding dress they want<\/li>\n<li>Tailor price for wedding dress applies to size S 36 \u2013 M 38- L 40, in case of sewing larger size, surcharge 10% of the value of tailor dress.<\/li>\n<\/ul>\n<\/li>\n<\/ul>\n<p>For any questions about wedding dress rental \/ tailoring, please contact via email: nicole.weddingbridal@gmail.com<\/p>\n","protected":false},"excerpt":{"rendered":"<p>Be classic and elegant as a fairy princess, Natalia designs suit many physique and brings special elegance.<\/p>\n","protected":false},"featured_media":6375,"template":"","meta":[],"product_brand":[],"product_cat":[814],"product_tag":[1416],"class_list":{"0":"post-6448","1":"product","2":"type-product","3":"status-publish","4":"has-post-thumbnail","6":"product_cat-senorita","7":"product_tag-premium-wedding-dress","8":"pa_chi-tiet-long-sleeves","9":"pa_kieu-dang-ao-cuoi-princess-wedding-dress","10":"pa_mau-sac-white","12":"first","13":"instock","14":"shipping-taxable","15":"purchasable","16":"product-type-simple"},"_links":{"self":[{"href":"https:\/\/nicolebridal.vn\/en\/wp-json\/wp\/v2\/product\/6448","targetHints":{"allow":["GET"]}}],"collection":[{"href":"https:\/\/nicolebridal.vn\/en\/wp-json\/wp\/v2\/product"}],"about":[{"href":"https:\/\/nicolebridal.vn\/en\/wp-json\/wp\/v2\/types\/product"}],"wp:featuredmedia":[{"embeddable":true,"href":"https:\/\/nicolebridal.vn\/en\/wp-json\/wp\/v2\/media\/6375"}],"wp:attachment":[{"href":"https:\/\/nicolebridal.vn\/en\/wp-json\/wp\/v2\/media?parent=6448"}],"wp:term":[{"taxonomy":"product_brand","embeddable":true,"href":"https:\/\/nicolebridal.vn\/en\/wp-json\/wp\/v2\/product_brand?post=6448"},{"taxonomy":"product_cat","embeddable":true,"href":"https:\/\/nicolebridal.vn\/en\/wp-json\/wp\/v2\/product_cat?post=6448"},{"taxonomy":"product_tag","embeddable":true,"href":"https:\/\/nicolebridal.vn\/en\/wp-json\/wp\/v2\/product_tag?post=6448"}],"curies":[{"name":"wp","href":"https:\/\/api.w.org\/{rel}","templated":true}]}}