{"id":987,"date":"2018-05-01T11:05:25","date_gmt":"2018-05-01T04:05:25","guid":{"rendered":"http:\/\/webdongian.com\/en\/san-pham\/chua-phan-loai\/rachel\/"},"modified":"2023-03-29T22:32:10","modified_gmt":"2023-03-29T15:32:10","slug":"rachel","status":"publish","type":"product","link":"https:\/\/nicolebridal.vn\/en\/shop\/2018-collections\/collection-clouds\/rachel\/","title":{"rendered":"Rachel"},"content":{"rendered":"<p><img fetchpriority=\"high\" decoding=\"async\" class=\"alignnone size-full wp-image-976\" src=\"https:\/\/dichvuwebtot.com\/wp-content\/uploads\/2018\/05\/aocuoithietke_nicolebridal_rachel2.jpg\" alt=\"\u00e1o c\u01b0\u1edbi c\u00f4ng ch\u00faa d\u00e0i tay\" width=\"980\" height=\"1479\" srcset=\"https:\/\/cdn.nicolebridal.vn\/wp-content\/uploads\/2018\/05\/aocuoithietke_nicolebridal_rachel2.jpg 980w, https:\/\/cdn.nicolebridal.vn\/wp-content\/uploads\/2018\/05\/aocuoithietke_nicolebridal_rachel2-700x1056.jpg 700w, https:\/\/cdn.nicolebridal.vn\/wp-content\/uploads\/2018\/05\/aocuoithietke_nicolebridal_rachel2-199x300.jpg 199w, https:\/\/cdn.nicolebridal.vn\/wp-content\/uploads\/2018\/05\/aocuoithietke_nicolebridal_rachel2-768x1159.jpg 768w, https:\/\/cdn.nicolebridal.vn\/wp-content\/uploads\/2018\/05\/aocuoithietke_nicolebridal_rachel2-679x1024.jpg 679w, https:\/\/cdn.nicolebridal.vn\/wp-content\/uploads\/2018\/05\/aocuoithietke_nicolebridal_rachel2-600x906.jpg 600w\" sizes=\"(max-width: 980px) 100vw, 980px\" \/> <img decoding=\"async\" class=\"alignnone size-full wp-image-979\" src=\"https:\/\/dichvuwebtot.com\/wp-content\/uploads\/2018\/05\/aocuoithietke_nicolebridal_rachel4.jpg\" alt=\"\u00e1o c\u01b0\u1edbi c\u00f4ng ch\u00faa d\u00e0i tay\" width=\"980\" height=\"1479\" srcset=\"https:\/\/cdn.nicolebridal.vn\/wp-content\/uploads\/2018\/05\/aocuoithietke_nicolebridal_rachel4.jpg 980w, https:\/\/cdn.nicolebridal.vn\/wp-content\/uploads\/2018\/05\/aocuoithietke_nicolebridal_rachel4-700x1056.jpg 700w, https:\/\/cdn.nicolebridal.vn\/wp-content\/uploads\/2018\/05\/aocuoithietke_nicolebridal_rachel4-199x300.jpg 199w, https:\/\/cdn.nicolebridal.vn\/wp-content\/uploads\/2018\/05\/aocuoithietke_nicolebridal_rachel4-768x1159.jpg 768w, https:\/\/cdn.nicolebridal.vn\/wp-content\/uploads\/2018\/05\/aocuoithietke_nicolebridal_rachel4-679x1024.jpg 679w, https:\/\/cdn.nicolebridal.vn\/wp-content\/uploads\/2018\/05\/aocuoithietke_nicolebridal_rachel4-600x906.jpg 600w\" sizes=\"(max-width: 980px) 100vw, 980px\" \/> <img decoding=\"async\" class=\"alignnone size-full wp-image-978\" src=\"https:\/\/dichvuwebtot.com\/wp-content\/uploads\/2018\/05\/aocuoithietke_nicolebridal_rachel3.jpg\" alt=\"\u00e1o c\u01b0\u1edbi c\u00f4ng ch\u00faa d\u00e0i tay\" width=\"980\" height=\"1479\" srcset=\"https:\/\/cdn.nicolebridal.vn\/wp-content\/uploads\/2018\/05\/aocuoithietke_nicolebridal_rachel3.jpg 980w, https:\/\/cdn.nicolebridal.vn\/wp-content\/uploads\/2018\/05\/aocuoithietke_nicolebridal_rachel3-700x1056.jpg 700w, https:\/\/cdn.nicolebridal.vn\/wp-content\/uploads\/2018\/05\/aocuoithietke_nicolebridal_rachel3-199x300.jpg 199w, https:\/\/cdn.nicolebridal.vn\/wp-content\/uploads\/2018\/05\/aocuoithietke_nicolebridal_rachel3-768x1159.jpg 768w, https:\/\/cdn.nicolebridal.vn\/wp-content\/uploads\/2018\/05\/aocuoithietke_nicolebridal_rachel3-679x1024.jpg 679w, https:\/\/cdn.nicolebridal.vn\/wp-content\/uploads\/2018\/05\/aocuoithietke_nicolebridal_rachel3-600x906.jpg 600w\" sizes=\"(max-width: 980px) 100vw, 980px\" \/> <img loading=\"lazy\" decoding=\"async\" class=\"alignnone size-full wp-image-977\" src=\"https:\/\/dichvuwebtot.com\/wp-content\/uploads\/2018\/05\/aocuoithietke_nicolebridal_rachel1.jpg\" alt=\"\u00e1o c\u01b0\u1edbi c\u00f4ng ch\u00faa d\u00e0i tay\" width=\"980\" height=\"1479\" srcset=\"https:\/\/cdn.nicolebridal.vn\/wp-content\/uploads\/2018\/05\/aocuoithietke_nicolebridal_rachel1.jpg 980w, https:\/\/cdn.nicolebridal.vn\/wp-content\/uploads\/2018\/05\/aocuoithietke_nicolebridal_rachel1-700x1056.jpg 700w, https:\/\/cdn.nicolebridal.vn\/wp-content\/uploads\/2018\/05\/aocuoithietke_nicolebridal_rachel1-199x300.jpg 199w, https:\/\/cdn.nicolebridal.vn\/wp-content\/uploads\/2018\/05\/aocuoithietke_nicolebridal_rachel1-768x1159.jpg 768w, https:\/\/cdn.nicolebridal.vn\/wp-content\/uploads\/2018\/05\/aocuoithietke_nicolebridal_rachel1-679x1024.jpg 679w, https:\/\/cdn.nicolebridal.vn\/wp-content\/uploads\/2018\/05\/aocuoithietke_nicolebridal_rachel1-600x906.jpg 600w\" sizes=\"(max-width: 980px) 100vw, 980px\" \/><\/p>\n","protected":false},"excerpt":{"rendered":"<p>Let&#8217;s shine the elegant and feminine beauty of Rachel&#8217;s design. Sophisticated from the material to the crop cut, the harmonious arrangement of the shirt will certainly satisfy the bride of Nicole.<\/p>\n","protected":false},"featured_media":976,"template":"","meta":[],"product_brand":[],"product_cat":[155],"product_tag":[1416,314],"class_list":{"0":"post-987","1":"product","2":"type-product","3":"status-publish","4":"has-post-thumbnail","6":"product_cat-collection-clouds","7":"product_tag-premium-wedding-dress","8":"product_tag-princess-wedding-dress","9":"pa_chi-tiet-long-sleeves","10":"pa_kieu-dang-ao-cuoi-princess-wedding-dress","11":"pa_mau-sac-ivory","13":"first","14":"instock","15":"shipping-taxable","16":"purchasable","17":"product-type-simple"},"_links":{"self":[{"href":"https:\/\/nicolebridal.vn\/en\/wp-json\/wp\/v2\/product\/987","targetHints":{"allow":["GET"]}}],"collection":[{"href":"https:\/\/nicolebridal.vn\/en\/wp-json\/wp\/v2\/product"}],"about":[{"href":"https:\/\/nicolebridal.vn\/en\/wp-json\/wp\/v2\/types\/product"}],"wp:featuredmedia":[{"embeddable":true,"href":"https:\/\/nicolebridal.vn\/en\/wp-json\/wp\/v2\/media\/976"}],"wp:attachment":[{"href":"https:\/\/nicolebridal.vn\/en\/wp-json\/wp\/v2\/media?parent=987"}],"wp:term":[{"taxonomy":"product_brand","embeddable":true,"href":"https:\/\/nicolebridal.vn\/en\/wp-json\/wp\/v2\/product_brand?post=987"},{"taxonomy":"product_cat","embeddable":true,"href":"https:\/\/nicolebridal.vn\/en\/wp-json\/wp\/v2\/product_cat?post=987"},{"taxonomy":"product_tag","embeddable":true,"href":"https:\/\/nicolebridal.vn\/en\/wp-json\/wp\/v2\/product_tag?post=987"}],"curies":[{"name":"wp","href":"https:\/\/api.w.org\/{rel}","templated":true}]}}