{"id":997,"date":"2018-05-01T10:03:36","date_gmt":"2018-05-01T03:03:36","guid":{"rendered":"http:\/\/webdongian.com\/en\/san-pham\/chua-phan-loai\/laura\/"},"modified":"2023-03-29T23:48:13","modified_gmt":"2023-03-29T16:48:13","slug":"laura","status":"publish","type":"product","link":"https:\/\/nicolebridal.vn\/en\/shop\/2018-collections\/collection-clouds\/laura\/","title":{"rendered":"Laura"},"content":{"rendered":"<p><img fetchpriority=\"high\" decoding=\"async\" class=\"alignnone size-full wp-image-936\" src=\"https:\/\/dichvuwebtot.com\/wp-content\/uploads\/2018\/05\/aocuoithietke_nicolebridal_laura2.jpg\" alt=\"v\u00e1y c\u01b0\u1edbi \u0111u\u00f4i c\u00e1\" width=\"980\" height=\"1479\" srcset=\"https:\/\/cdn.nicolebridal.vn\/wp-content\/uploads\/2018\/05\/aocuoithietke_nicolebridal_laura2.jpg 980w, https:\/\/cdn.nicolebridal.vn\/wp-content\/uploads\/2018\/05\/aocuoithietke_nicolebridal_laura2-700x1056.jpg 700w, https:\/\/cdn.nicolebridal.vn\/wp-content\/uploads\/2018\/05\/aocuoithietke_nicolebridal_laura2-199x300.jpg 199w, https:\/\/cdn.nicolebridal.vn\/wp-content\/uploads\/2018\/05\/aocuoithietke_nicolebridal_laura2-768x1159.jpg 768w, https:\/\/cdn.nicolebridal.vn\/wp-content\/uploads\/2018\/05\/aocuoithietke_nicolebridal_laura2-679x1024.jpg 679w, https:\/\/cdn.nicolebridal.vn\/wp-content\/uploads\/2018\/05\/aocuoithietke_nicolebridal_laura2-600x906.jpg 600w\" sizes=\"(max-width: 980px) 100vw, 980px\" \/> <img decoding=\"async\" class=\"alignnone size-full wp-image-938\" src=\"https:\/\/dichvuwebtot.com\/wp-content\/uploads\/2018\/05\/aocuoithietke_nicolebridal_laura5.jpg\" alt=\"v\u00e1y c\u01b0\u1edbi \u0111u\u00f4i c\u00e1\" width=\"980\" height=\"1479\" srcset=\"https:\/\/cdn.nicolebridal.vn\/wp-content\/uploads\/2018\/05\/aocuoithietke_nicolebridal_laura5.jpg 980w, https:\/\/cdn.nicolebridal.vn\/wp-content\/uploads\/2018\/05\/aocuoithietke_nicolebridal_laura5-700x1056.jpg 700w, https:\/\/cdn.nicolebridal.vn\/wp-content\/uploads\/2018\/05\/aocuoithietke_nicolebridal_laura5-199x300.jpg 199w, https:\/\/cdn.nicolebridal.vn\/wp-content\/uploads\/2018\/05\/aocuoithietke_nicolebridal_laura5-768x1159.jpg 768w, https:\/\/cdn.nicolebridal.vn\/wp-content\/uploads\/2018\/05\/aocuoithietke_nicolebridal_laura5-679x1024.jpg 679w, https:\/\/cdn.nicolebridal.vn\/wp-content\/uploads\/2018\/05\/aocuoithietke_nicolebridal_laura5-600x906.jpg 600w\" sizes=\"(max-width: 980px) 100vw, 980px\" \/> <img decoding=\"async\" class=\"alignnone size-full wp-image-937\" src=\"https:\/\/dichvuwebtot.com\/wp-content\/uploads\/2018\/05\/aocuoithietke_nicolebridal_laura1.jpg\" alt=\"v\u00e1y c\u01b0\u1edbi \u0111u\u00f4i c\u00e1\" width=\"980\" height=\"1479\" srcset=\"https:\/\/cdn.nicolebridal.vn\/wp-content\/uploads\/2018\/05\/aocuoithietke_nicolebridal_laura1.jpg 980w, https:\/\/cdn.nicolebridal.vn\/wp-content\/uploads\/2018\/05\/aocuoithietke_nicolebridal_laura1-700x1056.jpg 700w, https:\/\/cdn.nicolebridal.vn\/wp-content\/uploads\/2018\/05\/aocuoithietke_nicolebridal_laura1-199x300.jpg 199w, https:\/\/cdn.nicolebridal.vn\/wp-content\/uploads\/2018\/05\/aocuoithietke_nicolebridal_laura1-768x1159.jpg 768w, https:\/\/cdn.nicolebridal.vn\/wp-content\/uploads\/2018\/05\/aocuoithietke_nicolebridal_laura1-679x1024.jpg 679w, https:\/\/cdn.nicolebridal.vn\/wp-content\/uploads\/2018\/05\/aocuoithietke_nicolebridal_laura1-600x906.jpg 600w\" sizes=\"(max-width: 980px) 100vw, 980px\" \/><\/p>\n","protected":false},"excerpt":{"rendered":"<p>Wedding dress &#8211; designer Laura<br \/>\nNicole&#8217;s strength is to exploit materials imported from abroad and make it suitable for the skin color and personality characteristics of the girl. So Laura is one of the designs that mixes the two colors of East and West, but still intact romantic, classic and very personal &#8220;west&#8221;<\/p>\n","protected":false},"featured_media":936,"template":"","meta":[],"product_brand":[],"product_cat":[155],"product_tag":[1416],"class_list":{"0":"post-997","1":"product","2":"type-product","3":"status-publish","4":"has-post-thumbnail","6":"product_cat-collection-clouds","7":"product_tag-premium-wedding-dress","8":"pa_chi-tiet-long-sleeves","9":"pa_chi-tiet-off-shoulder","10":"pa_kieu-dang-ao-cuoi-mermaid-wedding-dress","11":"pa_mau-sac-ivory","13":"first","14":"instock","15":"shipping-taxable","16":"purchasable","17":"product-type-simple"},"_links":{"self":[{"href":"https:\/\/nicolebridal.vn\/en\/wp-json\/wp\/v2\/product\/997","targetHints":{"allow":["GET"]}}],"collection":[{"href":"https:\/\/nicolebridal.vn\/en\/wp-json\/wp\/v2\/product"}],"about":[{"href":"https:\/\/nicolebridal.vn\/en\/wp-json\/wp\/v2\/types\/product"}],"wp:featuredmedia":[{"embeddable":true,"href":"https:\/\/nicolebridal.vn\/en\/wp-json\/wp\/v2\/media\/936"}],"wp:attachment":[{"href":"https:\/\/nicolebridal.vn\/en\/wp-json\/wp\/v2\/media?parent=997"}],"wp:term":[{"taxonomy":"product_brand","embeddable":true,"href":"https:\/\/nicolebridal.vn\/en\/wp-json\/wp\/v2\/product_brand?post=997"},{"taxonomy":"product_cat","embeddable":true,"href":"https:\/\/nicolebridal.vn\/en\/wp-json\/wp\/v2\/product_cat?post=997"},{"taxonomy":"product_tag","embeddable":true,"href":"https:\/\/nicolebridal.vn\/en\/wp-json\/wp\/v2\/product_tag?post=997"}],"curies":[{"name":"wp","href":"https:\/\/api.w.org\/{rel}","templated":true}]}}