{"id":999,"date":"2018-05-01T09:58:35","date_gmt":"2018-05-01T02:58:35","guid":{"rendered":"http:\/\/webdongian.com\/en\/san-pham\/chua-phan-loai\/kayla\/"},"modified":"2023-03-29T23:48:16","modified_gmt":"2023-03-29T16:48:16","slug":"kayla","status":"publish","type":"product","link":"https:\/\/nicolebridal.vn\/en\/shop\/uncategorized\/kayla\/","title":{"rendered":"Kayla"},"content":{"rendered":"<p><img fetchpriority=\"high\" decoding=\"async\" class=\"alignnone size-full wp-image-928\" src=\"https:\/\/dichvuwebtot.com\/wp-content\/uploads\/2018\/05\/aocuoithietke_nicolebridal_kayla5.jpg\" alt=\"\u00e1o c\u01b0\u1edbi \u0111u\u00f4i c\u00e1 m\u00e0u tr\u1eafng\" width=\"980\" height=\"1479\" srcset=\"https:\/\/cdn.nicolebridal.vn\/wp-content\/uploads\/2018\/05\/aocuoithietke_nicolebridal_kayla5.jpg 980w, https:\/\/cdn.nicolebridal.vn\/wp-content\/uploads\/2018\/05\/aocuoithietke_nicolebridal_kayla5-700x1056.jpg 700w, https:\/\/cdn.nicolebridal.vn\/wp-content\/uploads\/2018\/05\/aocuoithietke_nicolebridal_kayla5-199x300.jpg 199w, https:\/\/cdn.nicolebridal.vn\/wp-content\/uploads\/2018\/05\/aocuoithietke_nicolebridal_kayla5-768x1159.jpg 768w, https:\/\/cdn.nicolebridal.vn\/wp-content\/uploads\/2018\/05\/aocuoithietke_nicolebridal_kayla5-679x1024.jpg 679w, https:\/\/cdn.nicolebridal.vn\/wp-content\/uploads\/2018\/05\/aocuoithietke_nicolebridal_kayla5-600x906.jpg 600w\" sizes=\"(max-width: 980px) 100vw, 980px\" \/> <img decoding=\"async\" class=\"alignnone size-full wp-image-931\" src=\"https:\/\/dichvuwebtot.com\/wp-content\/uploads\/2018\/05\/aocuoithietke_nicolebridal_kayla4.jpg\" alt=\"\u00e1o c\u01b0\u1edbi \u0111u\u00f4i c\u00e1 \" width=\"980\" height=\"1479\" srcset=\"https:\/\/cdn.nicolebridal.vn\/wp-content\/uploads\/2018\/05\/aocuoithietke_nicolebridal_kayla4.jpg 980w, https:\/\/cdn.nicolebridal.vn\/wp-content\/uploads\/2018\/05\/aocuoithietke_nicolebridal_kayla4-700x1056.jpg 700w, https:\/\/cdn.nicolebridal.vn\/wp-content\/uploads\/2018\/05\/aocuoithietke_nicolebridal_kayla4-199x300.jpg 199w, https:\/\/cdn.nicolebridal.vn\/wp-content\/uploads\/2018\/05\/aocuoithietke_nicolebridal_kayla4-768x1159.jpg 768w, https:\/\/cdn.nicolebridal.vn\/wp-content\/uploads\/2018\/05\/aocuoithietke_nicolebridal_kayla4-679x1024.jpg 679w, https:\/\/cdn.nicolebridal.vn\/wp-content\/uploads\/2018\/05\/aocuoithietke_nicolebridal_kayla4-600x906.jpg 600w\" sizes=\"(max-width: 980px) 100vw, 980px\" \/> <img decoding=\"async\" class=\"alignnone size-full wp-image-930\" src=\"https:\/\/dichvuwebtot.com\/wp-content\/uploads\/2018\/05\/aocuoithietke_nicolebridal_kayla2.jpg\" alt=\"\u00e1o c\u01b0\u1edbi \u0111u\u00f4i c\u00e1 \" width=\"980\" height=\"1479\" srcset=\"https:\/\/cdn.nicolebridal.vn\/wp-content\/uploads\/2018\/05\/aocuoithietke_nicolebridal_kayla2.jpg 980w, https:\/\/cdn.nicolebridal.vn\/wp-content\/uploads\/2018\/05\/aocuoithietke_nicolebridal_kayla2-700x1056.jpg 700w, https:\/\/cdn.nicolebridal.vn\/wp-content\/uploads\/2018\/05\/aocuoithietke_nicolebridal_kayla2-199x300.jpg 199w, https:\/\/cdn.nicolebridal.vn\/wp-content\/uploads\/2018\/05\/aocuoithietke_nicolebridal_kayla2-768x1159.jpg 768w, https:\/\/cdn.nicolebridal.vn\/wp-content\/uploads\/2018\/05\/aocuoithietke_nicolebridal_kayla2-679x1024.jpg 679w, https:\/\/cdn.nicolebridal.vn\/wp-content\/uploads\/2018\/05\/aocuoithietke_nicolebridal_kayla2-600x906.jpg 600w\" sizes=\"(max-width: 980px) 100vw, 980px\" \/> <img loading=\"lazy\" decoding=\"async\" class=\"alignnone size-full wp-image-929\" src=\"https:\/\/dichvuwebtot.com\/wp-content\/uploads\/2018\/05\/aocuoithietke_nicolebridal_kayla1.jpg\" alt=\"\u00e1o c\u01b0\u1edbi \u0111u\u00f4i c\u00e1 \" width=\"980\" height=\"1479\" srcset=\"https:\/\/cdn.nicolebridal.vn\/wp-content\/uploads\/2018\/05\/aocuoithietke_nicolebridal_kayla1.jpg 980w, https:\/\/cdn.nicolebridal.vn\/wp-content\/uploads\/2018\/05\/aocuoithietke_nicolebridal_kayla1-700x1056.jpg 700w, https:\/\/cdn.nicolebridal.vn\/wp-content\/uploads\/2018\/05\/aocuoithietke_nicolebridal_kayla1-199x300.jpg 199w, https:\/\/cdn.nicolebridal.vn\/wp-content\/uploads\/2018\/05\/aocuoithietke_nicolebridal_kayla1-768x1159.jpg 768w, https:\/\/cdn.nicolebridal.vn\/wp-content\/uploads\/2018\/05\/aocuoithietke_nicolebridal_kayla1-679x1024.jpg 679w, https:\/\/cdn.nicolebridal.vn\/wp-content\/uploads\/2018\/05\/aocuoithietke_nicolebridal_kayla1-600x906.jpg 600w\" sizes=\"(max-width: 980px) 100vw, 980px\" \/><\/p>\n","protected":false},"excerpt":{"rendered":"","protected":false},"featured_media":928,"template":"","meta":[],"product_brand":[],"product_cat":[],"product_tag":[1416],"class_list":{"0":"post-999","1":"product","2":"type-product","3":"status-publish","4":"has-post-thumbnail","6":"product_tag-premium-wedding-dress","7":"pa_chi-tiet-off-shoulder","8":"pa_kieu-dang-ao-cuoi-mermaid-wedding-dress","9":"pa_mau-sac-ivory","11":"first","12":"instock","13":"shipping-taxable","14":"product-type-simple"},"_links":{"self":[{"href":"https:\/\/nicolebridal.vn\/en\/wp-json\/wp\/v2\/product\/999","targetHints":{"allow":["GET"]}}],"collection":[{"href":"https:\/\/nicolebridal.vn\/en\/wp-json\/wp\/v2\/product"}],"about":[{"href":"https:\/\/nicolebridal.vn\/en\/wp-json\/wp\/v2\/types\/product"}],"wp:featuredmedia":[{"embeddable":true,"href":"https:\/\/nicolebridal.vn\/en\/wp-json\/wp\/v2\/media\/928"}],"wp:attachment":[{"href":"https:\/\/nicolebridal.vn\/en\/wp-json\/wp\/v2\/media?parent=999"}],"wp:term":[{"taxonomy":"product_brand","embeddable":true,"href":"https:\/\/nicolebridal.vn\/en\/wp-json\/wp\/v2\/product_brand?post=999"},{"taxonomy":"product_cat","embeddable":true,"href":"https:\/\/nicolebridal.vn\/en\/wp-json\/wp\/v2\/product_cat?post=999"},{"taxonomy":"product_tag","embeddable":true,"href":"https:\/\/nicolebridal.vn\/en\/wp-json\/wp\/v2\/product_tag?post=999"}],"curies":[{"name":"wp","href":"https:\/\/api.w.org\/{rel}","templated":true}]}}